{"id":9252,"date":"2021-04-24T16:34:18","date_gmt":"2021-04-24T13:34:18","guid":{"rendered":"https:\/\/www.demerajmuhendislik.com.tr\/contact\/"},"modified":"2026-02-26T04:09:59","modified_gmt":"2026-02-26T01:09:59","slug":"contact","status":"publish","type":"page","link":"https:\/\/www.demerajmuhendislik.com.tr\/en\/contact\/","title":{"rendered":"Contact"},"content":{"rendered":"<div class=\"wpb-content-wrapper\"><p>[vc_row bg_type=&#8221;&#8221; dima_canvas_style=&#8221;&#8221; translate_x=&#8221;0&#8243; dima_z_index=&#8221;0&#8243; delay=&#8221;&#8221; animate_item=&#8221;&#8221; delay_duration=&#8221;&#8221; delay_offset=&#8221;&#8221; id=&#8221;&#8221; class=&#8221;&#8221; css=&#8221;.vc_custom_1620087047775{padding-bottom: 40px !important;}&#8221; border_color=&#8221;&#8221;][vc_column min_height=&#8221;&#8221; bg_type=&#8221;&#8221; dima_canvas_style=&#8221;&#8221; translate_x=&#8221;0&#8243; dima_z_index=&#8221;0&#8243; sd=&#8221;12&#8243; delay=&#8221;&#8221; animate_item=&#8221;&#8221; delay_duration=&#8221;&#8221; delay_offset=&#8221;&#8221; width=&#8221;1\/2&#8243; id=&#8221;&#8221; class=&#8221;&#8221; style=&#8221;&#8221; border_color=&#8221;&#8221;]\n<div class=\"wpcf7 no-js\" id=\"wpcf7-f8575-o1\" lang=\"tr-TR\" dir=\"ltr\" data-wpcf7-id=\"8575\">\n<div class=\"screen-reader-response\"><p role=\"status\" aria-live=\"polite\" aria-atomic=\"true\"><\/p> <ul><\/ul><\/div>\n<form action=\"\/en\/wp-json\/wp\/v2\/pages\/9252#wpcf7-f8575-o1\" method=\"post\" class=\"wpcf7-form init dima_contact_form_7\" aria-label=\"\u0130leti\u015fim Formu\" novalidate=\"novalidate\" data-status=\"init\">\n<fieldset class=\"hidden-fields-container\"><input type=\"hidden\" name=\"_wpcf7\" value=\"8575\" \/><input type=\"hidden\" name=\"_wpcf7_version\" value=\"6.1.5\" \/><input type=\"hidden\" name=\"_wpcf7_locale\" value=\"tr_TR\" \/><input type=\"hidden\" name=\"_wpcf7_unit_tag\" value=\"wpcf7-f8575-o1\" \/><input type=\"hidden\" name=\"_wpcf7_container_post\" value=\"0\" \/><input type=\"hidden\" name=\"_wpcf7_posted_data_hash\" value=\"\" \/>\n<\/fieldset>\n<div class=\"wpcf7-turnstile cf-turnstile\" data-sitekey=\"0x4AAAAAACqRL-yiivltvzck\" data-response-field-name=\"_wpcf7_turnstile_response\"><\/div>\n\n<div class=\"ok-row\">\n\t<div class=\"ok-md-12 ok-xsd-12\">\n\t\t<p class=\"field\"><br \/>\n<span class=\"wpcf7-form-control-wrap\" data-name=\"your-name\"><input size=\"40\" maxlength=\"400\" class=\"wpcf7-form-control wpcf7-text wpcf7-validates-as-required\" aria-required=\"true\" aria-invalid=\"false\" placeholder=\"Ad Soyad*\" value=\"\" type=\"text\" name=\"your-name\" \/><\/span>\n\t\t<\/p>\n\t<\/div>\n\t<div class=\"ok-md-12 ok-xsd-12\">\n\t\t<p><span class=\"wpcf7-form-control-wrap\" data-name=\"your-email\"><input size=\"40\" maxlength=\"400\" class=\"wpcf7-form-control wpcf7-email wpcf7-validates-as-required wpcf7-text wpcf7-validates-as-email\" aria-required=\"true\" aria-invalid=\"false\" placeholder=\"E-mail*\" value=\"\" type=\"email\" name=\"your-email\" \/><\/span>\n\t\t<\/p>\n\t<\/div>\n\t<div class=\"ok-md-12 ok-xsd-12\">\n\t\t<p><span class=\"wpcf7-form-control-wrap\" data-name=\"telefon\"><input size=\"40\" maxlength=\"400\" class=\"wpcf7-form-control wpcf7-tel wpcf7-validates-as-required wpcf7-text wpcf7-validates-as-tel\" aria-required=\"true\" aria-invalid=\"false\" placeholder=\"Telefon*\" value=\"\" type=\"tel\" name=\"telefon\" \/><\/span>\n\t\t<\/p>\n\t<\/div>\n<\/div>\n<p><span class=\"wpcf7-form-control-wrap\" data-name=\"your-message\"><textarea cols=\"40\" rows=\"10\" maxlength=\"2000\" class=\"wpcf7-form-control wpcf7-textarea\" aria-invalid=\"false\" placeholder=\"Mesaj*\" name=\"your-message\"><\/textarea><\/span>\n<\/p>\n<div class=\"text-center\">\n\t<p><input class=\"wpcf7-form-control wpcf7-submit has-spinner button-block\" type=\"submit\" value=\"G\u00d6NDER\" \/>\n\t<\/p>\n<\/div><div class=\"wpcf7-response-output\" aria-hidden=\"true\"><\/div>\n<\/form>\n<\/div>\n[\/vc_column][vc_column min_height=&#8221;&#8221; bg_type=&#8221;&#8221; dima_canvas_style=&#8221;&#8221; translate_x=&#8221;0&#8243; dima_z_index=&#8221;0&#8243; sd=&#8221;12&#8243; animation=&#8221;transition.fadeIn&#8221; delay=&#8221;100&#8243; animate_item=&#8221;&#8221; delay_duration=&#8221;500&#8243; delay_offset=&#8221;&#8221; width=&#8221;1\/2&#8243; id=&#8221;&#8221; class=&#8221;&#8221; style=&#8221;&#8221; border_color=&#8221;&#8221;]<div  class=\"dima-iconbox no-box text-center\" data-animate=transition.slideUpBigIn data-delay=300 data-duration=500 style=\"\"><header  class=\"icon-box-header  box-none\"  ><span  class=\"svg_icon svg_animated icon-box-medium  \" ><svg version=\"1.1\" xmlns=\"http:\/\/www.w3.org\/2000\/svg\" xmlns:xlink=\"http:\/\/www.w3.org\/1999\/xlink\" width=\"32\" height=\"32\" viewBox=\"0 0 32 32\">\n<g>\n<\/g>\n\t<path d=\"M8.215 19.126c-4.277-4.366-4.277-11.47 0-15.836 2.079-2.122 4.844-3.29 7.785-3.29 0.001 0 0.001 0 0.001 0 2.941 0 5.706 1.169 7.784 3.291 4.276 4.366 4.276 11.47 0.001 15.836l-1.43-1.399c3.521-3.594 3.521-9.443 0-13.037-1.698-1.736-3.956-2.691-6.355-2.691h-0.001c-2.399 0-4.657 0.956-6.357 2.69-3.521 3.594-3.521 9.443 0 13.037l-1.428 1.399z\" fill=\"#000000\" \/>\n\t<path d=\"M16 31.887l-5.848-9.357 1.696-1.060 4.152 6.643 4.152-6.643 1.696 1.060z\" fill=\"#000000\" \/>\n\t<path d=\"M16 17c-3.309 0-6-2.691-6-6s2.691-6 6-6 6 2.691 6 6-2.691 6-6 6zM16 7c-2.206 0-4 1.794-4 4s1.794 4 4 4 4-1.794 4-4-1.794-4-4-4z\" fill=\"#000000\" \/>\n<\/svg>\n<\/span><\/header><div  class=\"features-content\"  ><h5 class=\"features-title\" ><\/h5><span class=\"dima-divider line-center line-hr small-line\"><\/span>Kaz\u0131m Karabekir Pa\u015fa Mah. 5.Toptanc\u0131lar Sok. No:5\/A Yakutiye\/Erzurum<\/div><\/div><div  class=\"dima-clear\" style=\"padding-bottom:30px\"><\/div><div  class=\"dima-iconbox no-box text-center\" data-animate=transition.slideUpBigIn data-delay=100 data-duration=500 style=\"\"><header  class=\"icon-box-header  box-none\"  ><span  class=\"svg_icon svg_animated icon-box-medium  \" ><svg version=\"1.1\" xmlns=\"http:\/\/www.w3.org\/2000\/svg\" xmlns:xlink=\"http:\/\/www.w3.org\/1999\/xlink\" width=\"32\" height=\"32\" viewBox=\"0 0 32 32\">\n<g>\n<\/g>\n\t<path d=\"M20.908 32.256c-4.721 0-9.987-2.272-14.259-6.534-6.83-6.812-8.682-16.291-4.307-22.048l1.592 1.21c-3.709 4.883-1.897 13.414 4.128 19.423 6.013 6 14.438 7.7 19.178 3.869l1.258 1.556c-2.109 1.703-4.751 2.524-7.59 2.524z\" fill=\"#000000\" \/>\n\t<path d=\"M30.292 27.39l-7.559-7.583-1.359 1.363c-1.43 1.436-3.333 2.228-5.357 2.228-2.025 0-3.929-0.791-5.359-2.228-2.953-2.96-2.953-7.779 0-10.742l1.363-1.367-7.563-7.589 1.416-1.412 8.971 9-2.771 2.779c-2.177 2.184-2.177 5.735 0 7.918 1.054 1.058 2.454 1.64 3.943 1.64 1.488 0 2.889-0.583 3.94-1.639l2.776-2.784 8.975 9.004-1.416 1.412z\" fill=\"#000000\" \/>\n<\/svg>\n<\/span><\/header><div  class=\"features-content\"  ><h5 class=\"features-title\" ><\/h5><span class=\"dima-divider line-center line-hr small-line\"><\/span><a href=\"tel:05314652632\" target=\"_blank\" rel=\"noopener\">0531 465 26 32<\/a><\/div><\/div><div  class=\"dima-clear\" style=\"padding-bottom:30px\"><\/div><div  class=\"dima-iconbox no-box text-center\" data-animate=transition.slideUpBigIn data-delay=500 data-duration=500 style=\"\"><header  class=\"icon-box-header  box-none\"  ><span  class=\"svg_icon svg_animated icon-box-medium  \" ><svg version=\"1.1\" xmlns=\"http:\/\/www.w3.org\/2000\/svg\" xmlns:xlink=\"http:\/\/www.w3.org\/1999\/xlink\" width=\"32\" height=\"32\" viewBox=\"0 0 32 32\">\n<g>\n<\/g>\n\t<path d=\"M32 29h-32v-26h32v26zM2 27h28v-22h-28v22z\" fill=\"#000000\" \/>\n\t<path d=\"M9.144 12.486l1.715 1.029-6.001 9.999-1.715-1.029 6.001-9.999z\" fill=\"#000000\" \/>\n\t<path d=\"M16 17.118l-12.447-6.223 0.894-1.79 11.553 5.777 11.553-5.777 0.894 1.79z\" fill=\"#000000\" \/>\n\t<path d=\"M22.857 12.486l6 10-1.715 1.029-6-10 1.715-1.029z\" fill=\"#000000\" \/>\n<\/svg>\n<\/span><\/header><div  class=\"features-content\"  ><h5 class=\"features-title\" ><\/h5><span class=\"dima-divider line-center line-hr small-line\"><\/span>info@demerajmuhendislik.com.tr<\/div><\/div>[\/vc_column][\/vc_row]<\/p>\n<\/div>","protected":false},"excerpt":{"rendered":"<p>[vc_row bg_type=&#8221;&#8221; dima_canvas_style=&#8221;&#8221; translate_x=&#8221;0&#8243; dima_z_index=&#8221;0&#8243; delay=&#8221;&#8221; animate_item=&#8221;&#8221; delay_duration=&#8221;&#8221; delay_offset=&#8221;&#8221; id=&#8221;&#8221; class=&#8221;&#8221; css=&#8221;.vc_custom_1620087047775{padding-bottom: 40px !important;}&#8221; border_color=&#8221;&#8221;][vc_column min_height=&#8221;&#8221; bg_type=&#8221;&#8221; dima_canvas_style=&#8221;&#8221; translate_x=&#8221;0&#8243; dima_z_index=&#8221;0&#8243; sd=&#8221;12&#8243; delay=&#8221;&#8221; animate_item=&#8221;&#8221; delay_duration=&#8221;&#8221; delay_offset=&#8221;&#8221; width=&#8221;1\/2&#8243; id=&#8221;&#8221; class=&#8221;&#8221; style=&#8221;&#8221; border_color=&#8221;&#8221;][\/vc_column][vc_column min_height=&#8221;&#8221; bg_type=&#8221;&#8221; dima_canvas_style=&#8221;&#8221; translate_x=&#8221;0&#8243; dima_z_index=&#8221;0&#8243; sd=&#8221;12&#8243; animation=&#8221;transition.fadeIn&#8221; delay=&#8221;100&#8243; animate_item=&#8221;&#8221; delay_duration=&#8221;500&#8243; delay_offset=&#8221;&#8221; width=&#8221;1\/2&#8243; id=&#8221;&#8221; class=&#8221;&#8221; style=&#8221;&#8221; border_color=&#8221;&#8221;][\/vc_column][\/vc_row]<\/p>\n","protected":false},"author":1,"featured_media":0,"parent":0,"menu_order":0,"comment_status":"closed","ping_status":"closed","template":"","meta":{"rs_blank_template":"","rs_page_bg_color":"","slide_template_v7":"","footnotes":""},"class_list":["post-9252","page","type-page","status-publish","hentry","no-post-thumbnail"],"_links":{"self":[{"href":"https:\/\/www.demerajmuhendislik.com.tr\/en\/wp-json\/wp\/v2\/pages\/9252","targetHints":{"allow":["GET"]}}],"collection":[{"href":"https:\/\/www.demerajmuhendislik.com.tr\/en\/wp-json\/wp\/v2\/pages"}],"about":[{"href":"https:\/\/www.demerajmuhendislik.com.tr\/en\/wp-json\/wp\/v2\/types\/page"}],"author":[{"embeddable":true,"href":"https:\/\/www.demerajmuhendislik.com.tr\/en\/wp-json\/wp\/v2\/users\/1"}],"replies":[{"embeddable":true,"href":"https:\/\/www.demerajmuhendislik.com.tr\/en\/wp-json\/wp\/v2\/comments?post=9252"}],"version-history":[{"count":0,"href":"https:\/\/www.demerajmuhendislik.com.tr\/en\/wp-json\/wp\/v2\/pages\/9252\/revisions"}],"wp:attachment":[{"href":"https:\/\/www.demerajmuhendislik.com.tr\/en\/wp-json\/wp\/v2\/media?parent=9252"}],"curies":[{"name":"wp","href":"https:\/\/api.w.org\/{rel}","templated":true}]}}