{"id":9210,"date":"2021-05-01T02:10:41","date_gmt":"2021-04-30T23:10:41","guid":{"rendered":"https:\/\/www.demerajmuhendislik.com.tr\/about-us\/"},"modified":"2026-02-03T02:07:51","modified_gmt":"2026-02-02T23:07:51","slug":"about-us","status":"publish","type":"page","link":"https:\/\/www.demerajmuhendislik.com.tr\/en\/about-us\/","title":{"rendered":"About Us"},"content":{"rendered":"<div class=\"wpb-content-wrapper\"><p>[vc_row bg_type=&#8221;&#8221; dima_canvas_style=&#8221;&#8221; translate_x=&#8221;0&#8243; dima_z_index=&#8221;0&#8243; delay=&#8221;&#8221; animate_item=&#8221;&#8221; delay_duration=&#8221;&#8221; delay_offset=&#8221;&#8221; id=&#8221;&#8221; class=&#8221;&#8221; border_color=&#8221;&#8221; css=&#8221;.vc_custom_1673599318295{padding-top: 60px !important;padding-bottom: 60px !important;}&#8221;][vc_column min_height=&#8221;&#8221; bg_type=&#8221;&#8221; dima_canvas_style=&#8221;&#8221; translate_x=&#8221;0&#8243; dima_z_index=&#8221;0&#8243; sd=&#8221;12&#8243; delay=&#8221;&#8221; animate_item=&#8221;&#8221; delay_duration=&#8221;&#8221; delay_offset=&#8221;&#8221; width=&#8221;1\/2&#8243; id=&#8221;&#8221; class=&#8221;&#8221; style=&#8221;&#8221; border_color=&#8221;&#8221;]<div id=\"dima-image-layers-69d9df68ed67c-9643\" class=\"dima-image-layers-wrap  layers-center\"><div class=\"dima-layer-container\" data-animate=transition.fadeIn data-delay=\"1050\" data-duration=800><div class=\"dima-layer-centered\" style=\"-webkit-transform: translate(0%, 0%);\n\t\t\t\t\t-moz-transform: translate(0%, 0%);\n\t\t\t\t\t-o-transform: translate(0%, 0%);\n\t\t\t\t\ttransform: translate(0%, 0%); \"><div class=\"dima-layer-item\"><img loading=\"lazy\" decoding=\"async\" src=\"https:\/\/www.demerajmuhendislik.com.tr\/wp-content\/uploads\/2026\/02\/hakkimizda.webp\" alt=\"Layer\" src=\"https:\/\/www.demerajmuhendislik.com.tr\/wp-content\/uploads\/2026\/02\/hakkimizda.webp\" width=\"1000\" height=\"654\" width=\"1000\" height=\"654\"><\/div><\/div><\/div><\/div>[\/vc_column][vc_column min_height=&#8221;&#8221; bg_type=&#8221;&#8221; dima_canvas_style=&#8221;&#8221; translate_x=&#8221;0&#8243; dima_z_index=&#8221;0&#8243; sd=&#8221;12&#8243; animation=&#8221;transition.flipXIn&#8221; delay=&#8221;&#8221; animate_item=&#8221;&#8221; delay_duration=&#8221;&#8221; delay_offset=&#8221;&#8221; width=&#8221;1\/2&#8243; id=&#8221;&#8221; class=&#8221;&#8221; style=&#8221;&#8221; border_color=&#8221;&#8221;]\n\t<div class=\"wpb_content_element  vc_custom_1673599231511\" data-animate=transition.slideRightBigIn data-delay=300 data-duration=500>\n\t\t<div class=\"wpb_wrapper\">\n\t\t\t<p>The company, which was formed by the merger of \u00d6z G\u00fcne\u015f Elektrik, which was established in 1969 and serves in the field of eletrical contracting, and Metin Elektrik, which was established in 1990, which also provides services in the field of electrical contracting, has selectively gathered experts and experienced staff from both companies to form it\u2019s working staff.<\/p>\n<p>Our company, which continues all engineering services in terms of electrical and electronics, has also started to manufacture panels and continues to grow by following an increasing course in this field.<\/p>\n\n\t\t<\/div> \n\t<\/div> [\/vc_column][\/vc_row][vc_row bg_type=&#8221;&#8221; dima_canvas_style=&#8221;&#8221; cover=&#8221;true&#8221; cover_color=&#8221;#f5f5f5&#8243; translate_x=&#8221;0&#8243; dima_z_index=&#8221;0&#8243; delay=&#8221;&#8221; animate_item=&#8221;&#8221; delay_duration=&#8221;&#8221; delay_offset=&#8221;&#8221; id=&#8221;&#8221; class=&#8221;&#8221; border_color=&#8221;&#8221; css=&#8221;.vc_custom_1673599528424{padding-top: 60px !important;padding-bottom: 20px !important;}&#8221;][vc_column min_height=&#8221;&#8221; bg_type=&#8221;&#8221; dima_canvas_style=&#8221;&#8221; translate_x=&#8221;0&#8243; dima_z_index=&#8221;0&#8243; sd=&#8221;12&#8243; delay=&#8221;&#8221; animate_item=&#8221;&#8221; delay_duration=&#8221;&#8221; delay_offset=&#8221;&#8221; width=&#8221;1\/2&#8243; id=&#8221;&#8221; class=&#8221;&#8221; style=&#8221;&#8221; border_color=&#8221;&#8221;][vc_custom_heading text=&#8221;Our Mission&#8221; font_container=&#8221;tag:h3|font_size:18|text_align:left&#8221; use_theme_fonts=&#8221;yes&#8221;]\n\t<div class=\"wpb_content_element \" data-animate=transition.slideRightBigIn data-delay=600 data-duration=600>\n\t\t<div class=\"wpb_wrapper\">\n\t\t\t<p>Elektri\u011fin her a\u015famas\u0131nda y\u0131llardan gelen tecr\u00fcbe ve bilgi birikimimizi kullanarak siz m\u00fc\u015fterilerimize zaman\u0131nda, kaliteli, etkili ve uygun maliyetli m\u00fchendislik hizmeti sunmak ayr\u0131ca t\u00fcm bunlar\u0131 ger\u00e7ekle\u015ftirirken \u00e7al\u0131\u015fanlar\u0131m\u0131z\u0131n geli\u015fimine yard\u0131mc\u0131 olmak.<\/p>\n\n\t\t<\/div> \n\t<\/div> [\/vc_column][vc_column min_height=&#8221;&#8221; bg_type=&#8221;&#8221; dima_canvas_style=&#8221;&#8221; translate_x=&#8221;0&#8243; dima_z_index=&#8221;0&#8243; sd=&#8221;12&#8243; animation=&#8221;transition.flipXIn&#8221; delay=&#8221;&#8221; animate_item=&#8221;&#8221; delay_duration=&#8221;&#8221; delay_offset=&#8221;&#8221; width=&#8221;1\/2&#8243; id=&#8221;&#8221; class=&#8221;&#8221; style=&#8221;&#8221; border_color=&#8221;&#8221;][vc_custom_heading text=&#8221;Our Vision&#8221; font_container=&#8221;tag:h4|font_size:18|text_align:left&#8221; use_theme_fonts=&#8221;yes&#8221;]\n\t<div class=\"wpb_content_element \" data-animate=transition.slideRightBigIn data-delay=300 data-duration=500>\n\t\t<div class=\"wpb_wrapper\">\n\t\t\t<p>G\u00fcn ge\u00e7tik\u00e7e geli\u015fen ve geni\u015fleyen teknolojiyi uzman kadro ile b\u00fct\u00fcnle\u015ftirip daima kaliteli ve yenilik\u00e7i hizmet sunarak T\u00fcrkiye\u2019nin en de\u011ferli ve en \u00e7ok tercih edilen m\u00fchendislik \u015firketi olmak.<\/p>\n\n\t\t<\/div> \n\t<\/div> [\/vc_column][\/vc_row][vc_row bg_type=&#8221;&#8221; dima_canvas_style=&#8221;&#8221; translate_x=&#8221;0&#8243; dima_z_index=&#8221;0&#8243; delay=&#8221;&#8221; animate_item=&#8221;&#8221; delay_duration=&#8221;&#8221; delay_offset=&#8221;&#8221; id=&#8221;&#8221; class=&#8221;&#8221; border_color=&#8221;&#8221; css=&#8221;.vc_custom_1620087087392{padding-bottom: 50px !important;}&#8221;][vc_column min_height=&#8221;&#8221; bg_type=&#8221;&#8221; dima_canvas_style=&#8221;&#8221; translate_x=&#8221;0&#8243; dima_z_index=&#8221;0&#8243; delay=&#8221;&#8221; animate_item=&#8221;&#8221; delay_duration=&#8221;&#8221; delay_offset=&#8221;&#8221; width=&#8221;1\/1&#8243;][vc_custom_heading text=&#8221;What Do We Offer?&#8221; font_container=&#8221;tag:h2|font_size:24|text_align:left&#8221; use_theme_fonts=&#8221;yes&#8221;]<div  class=\"noor-line dima-divider  noor-start\" data-animate=transition.slideRightBigIn data-delay=300 data-duration=500 ><\/div><div  class=\"dima-clear\" style=\"padding-bottom:30px\"><\/div>[vc_row_inner bg_type=&#8221;&#8221; dima_canvas_style=&#8221;&#8221; translate_x=&#8221;0&#8243; dima_z_index=&#8221;0&#8243;][vc_column_inner delay=&#8221;&#8221; animate_item=&#8221;&#8221; delay_duration=&#8221;&#8221; delay_offset=&#8221;&#8221; translate_x=&#8221;0&#8243; dima_z_index=&#8221;0&#8243; width=&#8221;1\/3&#8243;]<div  class=\"dima-iconbox no-box text-start features-start\" data-animate=transition.slideUpBigIn data-delay=100 data-duration=500 style=\"\"><header  class=\"icon-box-header  box-none\"  ><span  class=\"svg_icon  icon-box-medium  \" ><svg version=\"1.1\" xmlns=\"http:\/\/www.w3.org\/2000\/svg\" xmlns:xlink=\"http:\/\/www.w3.org\/1999\/xlink\" width=\"32\" height=\"32\" viewBox=\"0 0 32 32\">\n<g>\n<\/g>\n\t<path d=\"M4 7c0 0 0 0 0 0-0.802 0-1.556-0.312-2.122-0.879l-1.414-1.414 4.242-4.242 1.414 1.414c0.568 0.566 0.88 1.32 0.88 2.123 0 0.801-0.313 1.555-0.881 2.121-0.564 0.565-1.318 0.877-2.119 0.877zM3.292 4.707c0.189 0.189 0.44 0.293 0.708 0.293v0c0.267 0 0.518-0.104 0.706-0.292 0.19-0.19 0.294-0.44 0.294-0.706 0-0.268-0.104-0.52-0.293-0.708v-0.001l-1.415 1.414z\" fill=\"#000000\" \/>\n\t<path d=\"M6.107 4.695l6.328 6.103-1.388 1.44-6.328-6.103 1.388-1.44z\" fill=\"#000000\" \/>\n\t<path d=\"M21.984 20.346l5.464 5.464-1.414 1.414-5.464-5.464 1.414-1.414z\" fill=\"#000000\" \/>\n\t<path d=\"M26.742 31.514c-1.277 0-2.554-0.485-3.526-1.457l-6.084-6.084 1.414-1.414 6.084 6.084c1.167 1.166 3.066 1.162 4.236-0.007 1.169-1.169 1.167-3.075-0.006-4.249l-6.072-6.071 1.414-1.414 6.072 6.071c1.953 1.955 1.955 5.129 0.006 7.078-0.976 0.974-2.258 1.463-3.538 1.463z\" fill=\"#000000\" \/>\n\t<path d=\"M23.516 15.486v0c-1.87-0.001-3.627-0.729-4.95-2.052-1.323-1.321-2.051-3.079-2.051-4.948 0-1.871 0.728-3.629 2.051-4.951l1.828-1.828 1.414 1.414-1.828 1.828c-0.945 0.945-1.466 2.201-1.465 3.536 0 1.335 0.521 2.591 1.465 3.535s2.2 1.466 3.535 1.466v0c1.335 0 2.59-0.521 3.535-1.466l1.828-1.828 1.414 1.414-1.828 1.828c-1.321 1.324-3.079 2.052-4.948 2.052z\" fill=\"#000000\" \/>\n\t<path d=\"M30.293 11.606l-2.121-2.121-0.707 0.707c-0.755 0.756-1.759 1.172-2.828 1.172h-0.001c-1.068-0.001-2.073-0.417-2.828-1.172s-1.171-1.759-1.171-2.828c0-1.067 0.416-2.073 1.171-2.829l0.708-0.707-2.121-2.121 1.414-1.414 3.535 3.535-2.121 2.121c-0.378 0.379-0.586 0.881-0.586 1.415s0.208 1.036 0.586 1.413c0.377 0.379 0.879 0.587 1.414 0.587 0 0 0 0 0 0 0.534 0 1.036-0.208 1.414-0.586l2.122-2.121 3.535 3.535-1.415 1.414z\" fill=\"#000000\" \/>\n\t<path d=\"M4.031 25.969h2v2h-2v-2z\" fill=\"#000000\" \/>\n\t<path d=\"M14.568 12.882l3.967 3.922-1.406 1.422-3.967-3.922 1.406-1.422z\" fill=\"#000000\" \/>\n\t<path d=\"M5 32c-1.335 0-2.591-0.52-3.536-1.465-0.943-0.943-1.464-2.199-1.464-3.535s0.521-2.592 1.465-3.535l0.119-0.102 10.346-7.516 1.176 1.617-10.278 7.468c-0.535 0.559-0.828 1.291-0.828 2.068 0 0.801 0.312 1.555 0.879 2.121 1.116 1.117 3.052 1.137 4.189 0.051l7.468-10.275 1.618 1.176-7.618 10.462c-0.944 0.944-2.2 1.465-3.536 1.465z\" fill=\"#000000\" \/>\n<\/svg>\n<\/span><\/header><div  class=\"features-content\"  ><h5 class=\"features-title\" >Electrical Contracting<\/h5><span class=\"dima-divider line-center line-hr small-line\"><\/span>Project design, approximate cost and turnkey contracting and engineering solutions for buildings such as hospitals, technological buildings, OTE, industrial facilities and public institutions.<\/div><\/div>[\/vc_column_inner][vc_column_inner delay=&#8221;&#8221; animate_item=&#8221;&#8221; delay_duration=&#8221;&#8221; delay_offset=&#8221;&#8221; translate_x=&#8221;0&#8243; dima_z_index=&#8221;0&#8243; width=&#8221;1\/3&#8243;]<div  class=\"dima-iconbox no-box text-start features-start\" data-animate=transition.slideUpBigIn data-delay=300 data-duration=500 style=\"\"><header  class=\"icon-box-header  box-none\"  ><span  class=\"svg_icon  icon-box-medium  \" ><svg version=\"1.1\" xmlns=\"http:\/\/www.w3.org\/2000\/svg\" xmlns:xlink=\"http:\/\/www.w3.org\/1999\/xlink\" width=\"32\" height=\"32\" viewBox=\"0 0 32 32\">\n<g>\n<\/g>\n\t<path d=\"M29.536 10.95l-8.484-8.485 0.707-0.707c1.133-1.134 2.64-1.758 4.242-1.758s3.109 0.624 4.242 1.758c2.339 2.34 2.339 6.146 0 8.485l-0.707 0.707zM23.968 2.554l5.479 5.479c0.903-1.533 0.697-3.545-0.618-4.86-1.271-1.272-3.357-1.513-4.861-0.619z\" fill=\"#000000\" \/>\n\t<path d=\"M20.873 3.5l6 9.984-1.713 1.030-6-9.984 1.713-1.030z\" fill=\"#000000\" \/>\n\t<path d=\"M0.59 31.405l2.979-11.166 1.932 0.516-2.091 7.84 7.862-2.071 0.51 1.934z\" fill=\"#000000\" \/>\n\t<path d=\"M13.408 27.006l-2.356-6.041-6.041-2.361 12.415-12.529 1.421 1.408-10.272 10.367 4.022 1.572 1.565 4.014 8.34-8.293 1.41 1.418z\" fill=\"#000000\" \/>\n<\/svg>\n<\/span><\/header><div  class=\"features-content\"  ><h5 class=\"features-title\" >Project and Engineering Services<\/h5><span class=\"dima-divider line-center line-hr small-line\"><\/span>Electrical project, design and engineering services with the experience of our experienced engineers, technical draftsmen and SMM engineers and Autocad, the leading program of the sector.<\/div><\/div>[\/vc_column_inner][vc_column_inner delay=&#8221;&#8221; animate_item=&#8221;&#8221; delay_duration=&#8221;&#8221; delay_offset=&#8221;&#8221; translate_x=&#8221;0&#8243; dima_z_index=&#8221;0&#8243; width=&#8221;1\/3&#8243;]<div  class=\"dima-iconbox no-box text-start features-start\" data-animate=transition.slideUpBigIn data-delay=500 data-duration=500 style=\"\"><header  class=\"icon-box-header  box-none\"  ><span  class=\"svg_icon  icon-box-medium  \" ><svg version=\"1.1\" xmlns=\"http:\/\/www.w3.org\/2000\/svg\" xmlns:xlink=\"http:\/\/www.w3.org\/1999\/xlink\" width=\"32\" height=\"32\" viewBox=\"0 0 32 32\">\n<g>\n<\/g>\n\t<path d=\"M16 32c-2.206 0-4-1.794-4-4s1.794-4 4-4c2.206 0 4 1.794 4 4s-1.794 4-4 4zM16 26c-1.103 0-2 0.897-2 2s0.897 2 2 2c1.103 0 2-0.897 2-2s-0.897-2-2-2z\" fill=\"#000000\" \/>\n\t<path d=\"M9.217 20.62l-1.414-1.414c4.25-4.25 11.167-4.25 15.414 0l-1.414 1.414c-3.47-3.47-9.116-3.468-12.586 0z\" fill=\"#000000\" \/>\n\t<path d=\"M26.293 14.173c-5.676-5.672-14.912-5.674-20.586 0l-1.414-1.414c6.454-6.453 16.956-6.453 23.414 0l-1.414 1.414z\" fill=\"#000000\" \/>\n\t<path d=\"M30.293 7.918c-7.883-7.877-20.707-7.877-28.586 0l-1.414-1.414c8.659-8.656 22.749-8.658 31.414 0l-1.414 1.414z\" fill=\"#000000\" \/>\n<\/svg>\n<\/span><\/header><div  class=\"features-content\"  ><h5 class=\"features-title\" >Mavili Fire Systems<\/h5><span class=\"dima-divider line-center line-hr small-line\"><\/span>Maxlogic &amp; Mavigard for fire and gas detection systems; project design, sales and technical service (commissioning, maintenance and breakdown) services.<\/div><\/div>[\/vc_column_inner][\/vc_row_inner][vc_row_inner bg_type=&#8221;&#8221; dima_canvas_style=&#8221;&#8221; translate_x=&#8221;0&#8243; dima_z_index=&#8221;0&#8243; id=&#8221;&#8221; class=&#8221;&#8221; style=&#8221;&#8221; css=&#8221;.vc_custom_1673599576173{margin-top: 30px !important;}&#8221; border_color=&#8221;&#8221;][vc_column_inner delay=&#8221;&#8221; animate_item=&#8221;&#8221; delay_duration=&#8221;&#8221; delay_offset=&#8221;&#8221; translate_x=&#8221;0&#8243; dima_z_index=&#8221;0&#8243; width=&#8221;1\/3&#8243;]<div  class=\"dima-iconbox no-box text-start features-start\" data-animate=transition.slideUpBigIn data-delay=100 data-duration=500 style=\"\"><header  class=\"icon-box-header  box-none\"  ><span  class=\"svg_icon  icon-box-medium  \" ><svg version=\"1.1\" xmlns=\"http:\/\/www.w3.org\/2000\/svg\" xmlns:xlink=\"http:\/\/www.w3.org\/1999\/xlink\" width=\"32\" height=\"32\" viewBox=\"0 0 32 32\">\n<g>\n<\/g>\n\t<path d=\"M9 14h13v2h-13v-2z\" fill=\"#000000\" \/>\n\t<path d=\"M9 18h13v2h-13v-2z\" fill=\"#000000\" \/>\n\t<path d=\"M9 22h13v2h-13v-2z\" fill=\"#000000\" \/>\n\t<path d=\"M9 8h6v2h-6v-2z\" fill=\"#000000\" \/>\n\t<path d=\"M29 32h-27v-28h2v26h23v-28h-25v-2h27z\" fill=\"#000000\" \/>\n<\/svg>\n<\/span><\/header><div  class=\"features-content\"  ><h5 class=\"features-title\" >Modular Electrical Panel Manufacturing<\/h5><span class=\"dima-divider line-center line-hr small-line\"><\/span>Production and installation of electrical panels, including compensation panels, secondary panels, sewn-in type panels and external type panels.<\/div><\/div>[\/vc_column_inner][vc_column_inner delay=&#8221;&#8221; animate_item=&#8221;&#8221; delay_duration=&#8221;&#8221; delay_offset=&#8221;&#8221; translate_x=&#8221;0&#8243; dima_z_index=&#8221;0&#8243; width=&#8221;1\/3&#8243;]<div  class=\"dima-iconbox no-box text-start features-start\" data-animate=transition.slideUpBigIn data-delay=300 data-duration=500 style=\"\"><header  class=\"icon-box-header  box-none\"  ><span  class=\"svg_icon  icon-box-medium  \" ><svg version=\"1.1\" xmlns=\"http:\/\/www.w3.org\/2000\/svg\" xmlns:xlink=\"http:\/\/www.w3.org\/1999\/xlink\" width=\"32\" height=\"32\" viewBox=\"0 0 32 32\">\n<g>\n<\/g>\n\t<path d=\"M28 20v-2c1.103 0 2-0.897 2-2s-0.897-2-2-2v-2c2.206 0 4 1.794 4 4s-1.794 4-4 4z\" fill=\"#000000\" \/>\n\t<path d=\"M26 25h-18v-2h16v-14h-16v-2h18z\" fill=\"#000000\" \/>\n\t<path d=\"M14.987 10.808l1.963 0.384-1.971 10.078-1.963-0.384 1.971-10.078z\" fill=\"#000000\" \/>\n\t<path d=\"M9.988 10.808l1.963 0.384-1.971 10.078-1.963-0.384 1.971-10.078z\" fill=\"#000000\" \/>\n\t<path d=\"M19.987 10.809l1.963 0.384-1.971 10.078-1.963-0.384 1.971-10.078z\" fill=\"#000000\" \/>\n\t<path d=\"M6 25h-6v-18h6v18zM2 23h2v-14h-2v14z\" fill=\"#000000\" \/>\n<\/svg>\n<\/span><\/header><div  class=\"features-content\"  ><h5 class=\"features-title\" >Electric Vehicle Charging Station<\/h5><span class=\"dima-divider line-center line-hr small-line\"><\/span>As Demeraj Engineering, we provide charging station installation and technical service to the desired region with our expert teams.<\/div><\/div>[\/vc_column_inner][vc_column_inner delay=&#8221;&#8221; animate_item=&#8221;&#8221; delay_duration=&#8221;&#8221; delay_offset=&#8221;&#8221; translate_x=&#8221;0&#8243; dima_z_index=&#8221;0&#8243; width=&#8221;1\/3&#8243;]<div  class=\"dima-iconbox no-box text-start features-start\" data-animate=transition.slideUpBigIn data-delay=500 data-duration=500 style=\"\"><header  class=\"icon-box-header  box-none\"  ><span  class=\"svg_icon  icon-box-medium  \" ><svg version=\"1.1\" xmlns=\"http:\/\/www.w3.org\/2000\/svg\" xmlns:xlink=\"http:\/\/www.w3.org\/1999\/xlink\" width=\"32\" height=\"32\" viewBox=\"0 0 32 32\">\n<g>\n<\/g>\n\t<path d=\"M20.91 21.458l-1.785-0.902 2.532-4.898c3.119-3.119 3.119-8.194 0-11.313s-8.195-3.119-11.314 0-3.119 8.194 0 11.313l0.114 0.114 2.405 4.787-1.787 0.898-2.263-4.502c-3.782-3.909-3.743-10.165 0.117-14.025 3.899-3.899 10.244-3.899 14.143 0 3.86 3.86 3.898 10.117 0.115 14.025l-2.277 4.503z\" fill=\"#000000\" \/>\n\t<path d=\"M19.879 22.008l0.24 1.986-8 0.968-0.24-1.986 8-0.968z\" fill=\"#000000\" \/>\n\t<path d=\"M19.879 25.008l0.24 1.986-8 0.968-0.24-1.986 8-0.968z\" fill=\"#000000\" \/>\n\t<path d=\"M15.977 32c-1.654 0-3-1.346-3-3h2c0 0.551 0.449 1 1 1s1-0.449 1-1h2c0 1.654-1.346 3-3 3z\" fill=\"#000000\" \/>\n\t<path d=\"M12 10h-2c0-3.309 2.691-6 6-6v2c-2.206 0-4 1.794-4 4z\" fill=\"#000000\" \/>\n<\/svg>\n<\/span><\/header><div  class=\"features-content\"  ><h5 class=\"features-title\" >Architectural Lighting<\/h5><span class=\"dima-divider line-center line-hr small-line\"><\/span>Project and application for all indoor and outdoor lighting systems with special design for architectural projects and product selection suitable for the project.<\/div><\/div>[\/vc_column_inner][\/vc_row_inner][\/vc_column][\/vc_row]<\/p>\n<\/div>","protected":false},"excerpt":{"rendered":"<p>[vc_row bg_type=&#8221;&#8221; dima_canvas_style=&#8221;&#8221; translate_x=&#8221;0&#8243; dima_z_index=&#8221;0&#8243; delay=&#8221;&#8221; animate_item=&#8221;&#8221; delay_duration=&#8221;&#8221; delay_offset=&#8221;&#8221; id=&#8221;&#8221; class=&#8221;&#8221; border_color=&#8221;&#8221; css=&#8221;.vc_custom_1673599318295{padding-top: 60px !important;padding-bottom: 60px !important;}&#8221;][vc_column min_height=&#8221;&#8221; bg_type=&#8221;&#8221; dima_canvas_style=&#8221;&#8221; translate_x=&#8221;0&#8243; dima_z_index=&#8221;0&#8243; sd=&#8221;12&#8243; delay=&#8221;&#8221; animate_item=&#8221;&#8221; delay_duration=&#8221;&#8221; delay_offset=&#8221;&#8221; width=&#8221;1\/2&#8243; id=&#8221;&#8221; class=&#8221;&#8221; style=&#8221;&#8221; border_color=&#8221;&#8221;][\/vc_column][vc_column min_height=&#8221;&#8221; bg_type=&#8221;&#8221; dima_canvas_style=&#8221;&#8221; translate_x=&#8221;0&#8243; dima_z_index=&#8221;0&#8243; sd=&#8221;12&#8243; animation=&#8221;transition.flipXIn&#8221; delay=&#8221;&#8221; animate_item=&#8221;&#8221; delay_duration=&#8221;&#8221; delay_offset=&#8221;&#8221; width=&#8221;1\/2&#8243; id=&#8221;&#8221; class=&#8221;&#8221; style=&#8221;&#8221; border_color=&#8221;&#8221;][\/vc_column][\/vc_row][vc_row bg_type=&#8221;&#8221; dima_canvas_style=&#8221;&#8221; cover=&#8221;true&#8221; cover_color=&#8221;#f5f5f5&#8243; translate_x=&#8221;0&#8243; dima_z_index=&#8221;0&#8243; delay=&#8221;&#8221; [&hellip;]<\/p>\n","protected":false},"author":1,"featured_media":0,"parent":0,"menu_order":0,"comment_status":"closed","ping_status":"closed","template":"","meta":{"rs_blank_template":"","rs_page_bg_color":"","slide_template_v7":"","footnotes":""},"class_list":["post-9210","page","type-page","status-publish","hentry","no-post-thumbnail"],"_links":{"self":[{"href":"https:\/\/www.demerajmuhendislik.com.tr\/en\/wp-json\/wp\/v2\/pages\/9210","targetHints":{"allow":["GET"]}}],"collection":[{"href":"https:\/\/www.demerajmuhendislik.com.tr\/en\/wp-json\/wp\/v2\/pages"}],"about":[{"href":"https:\/\/www.demerajmuhendislik.com.tr\/en\/wp-json\/wp\/v2\/types\/page"}],"author":[{"embeddable":true,"href":"https:\/\/www.demerajmuhendislik.com.tr\/en\/wp-json\/wp\/v2\/users\/1"}],"replies":[{"embeddable":true,"href":"https:\/\/www.demerajmuhendislik.com.tr\/en\/wp-json\/wp\/v2\/comments?post=9210"}],"version-history":[{"count":0,"href":"https:\/\/www.demerajmuhendislik.com.tr\/en\/wp-json\/wp\/v2\/pages\/9210\/revisions"}],"wp:attachment":[{"href":"https:\/\/www.demerajmuhendislik.com.tr\/en\/wp-json\/wp\/v2\/media?parent=9210"}],"curies":[{"name":"wp","href":"https:\/\/api.w.org\/{rel}","templated":true}]}}